{"id":3002,"date":"2019-12-10T08:37:29","date_gmt":"2019-12-10T07:37:29","guid":{"rendered":"https:\/\/www.expandermetall.se\/hem\/"},"modified":"2026-02-20T09:15:01","modified_gmt":"2026-02-20T08:15:01","slug":"home","status":"publish","type":"page","link":"https:\/\/www.expandermetall.se\/en\/","title":{"rendered":"Home"},"content":{"rendered":"\n<p><\/p>\n\n\n\n<h2 class=\"wp-block-heading has-text-align-center\"><strong>Experienced manufacturers of expanded metal since 1972<\/strong><\/h2>\n\n\n\n<div style=\"height:30px\" aria-hidden=\"true\" class=\"wp-block-spacer\"><\/div>\n\n\n\n<div class=\"wp-block-columns is-layout-flex wp-container-core-columns-is-layout-9d6595d7 wp-block-columns-is-layout-flex\">\n<div class=\"wp-block-column is-vertically-aligned-center is-layout-flow wp-block-column-is-layout-flow\" style=\"flex-basis:66.66%\">\n<p class=\"has-text-align-left\">Welcome to Expandermetall! We have been manufacturing expanded metal for various industries and projects since 1972. As a subcontractor, we can offer a wide range of expanded metal in different patterns, sizes, and materials, tailored to meet your needs. Whether you are looking for sustainable solutions for construction, industry, or design, we deliver high-quality products that combine strength, flexibility, and aesthetics.<\/p>\n\n\n\n<p class=\"has-text-align-left\">We deliver <a href=\"https:\/\/www.expandermetall.se\/sortiment-strackmetall\/\">expanded metal<\/a> according to your requirements and whenever you need it. Either from our own production facility in Ydre, southern \u00d6sterg\u00f6tland, or through well-established partners within the EU. With us, you will find personal service and solid experience. We focus on high availability, the right quality, and perfect delivery precision.<\/p>\n<\/div>\n\n\n\n<div class=\"wp-block-column is-layout-flow wp-block-column-is-layout-flow\" style=\"flex-basis:33.33%\">\n<iframe width=\"315\" height=\"460\"\nsrc=\"https:\/\/youtube.com\/embed\/foaGXU9U5yA?si=Z2itErlCFHbXxxbH\"\ntitle=\"YouTube video player\"\nframeborder=\"0\"\nallow=\"accelerometer; autoplay; clipboard-write; encrypted-media; gyroscope; picture-in-picture; web-share\"\nallowfullscreen><\/iframe>\n<\/div>\n<\/div>\n\n\n\n<div style=\"height:100px\" aria-hidden=\"true\" class=\"wp-block-spacer\"><\/div>\n\n\n\n<h2 class=\"wp-block-heading has-text-align-center\">We can assist you with your expanded metal projects<\/h2>\n\n\n\n<div style=\"height:30px\" aria-hidden=\"true\" class=\"wp-block-spacer\"><\/div>\n\n\n\n<div class=\"wp-block-columns is-layout-flex wp-container-core-columns-is-layout-9d6595d7 wp-block-columns-is-layout-flex\">\n<div class=\"wp-block-column is-layout-flow wp-block-column-is-layout-flow\">\n<figure class=\"wp-block-image size-large\"><a href=\"https:\/\/www.expandermetall.se\/sortiment-strackmetall\/urval-av-strackmetallsmaskor\/\"><img loading=\"lazy\" decoding=\"async\" width=\"1024\" height=\"660\" src=\"https:\/\/www.expandermetall.se\/app\/uploads\/2020\/02\/exparnder_produktion_2020_043-scaled-e1739893035569-1024x660.jpg\" alt=\"Bild p\u00e5 str\u00e4ckmetall fr\u00e5n produktionen - Expandermetall\" class=\"wp-image-3553\" srcset=\"https:\/\/www.expandermetall.se\/app\/uploads\/2020\/02\/exparnder_produktion_2020_043-scaled-e1739893035569-1024x660.jpg 1024w, https:\/\/www.expandermetall.se\/app\/uploads\/2020\/02\/exparnder_produktion_2020_043-scaled-e1739893035569-300x193.jpg 300w, https:\/\/www.expandermetall.se\/app\/uploads\/2020\/02\/exparnder_produktion_2020_043-scaled-e1739893035569-768x495.jpg 768w, https:\/\/www.expandermetall.se\/app\/uploads\/2020\/02\/exparnder_produktion_2020_043-scaled-e1739893035569-1536x990.jpg 1536w, https:\/\/www.expandermetall.se\/app\/uploads\/2020\/02\/exparnder_produktion_2020_043-scaled-e1739893035569-2048x1320.jpg 2048w\" sizes=\"auto, (max-width: 1024px) 100vw, 1024px\" \/><\/a><\/figure>\n\n\n\n<div style=\"height:30px\" aria-hidden=\"true\" class=\"wp-block-spacer\"><\/div>\n\n\n\n<h2 class=\"wp-block-heading has-text-align-left has-medium-font-size\">Wide selection of expanded metal in various sizes and patterns<\/h2>\n\n\n\n<div style=\"height:20px\" aria-hidden=\"true\" class=\"wp-block-spacer\"><\/div>\n\n\n\n<p class=\"has-text-align-left\">Our expanded metal is strong, powerful, and flexible thanks to the wide range of product designs available. Our range includes expanded metal meshes in various sizes, variants, and patterns which are suitable for different applications. Do you need fast delivery? We keep many of our expanded metals in stock to ensure high availability!<\/p>\n\n\n\n<div style=\"height:20px\" aria-hidden=\"true\" class=\"wp-block-spacer\"><\/div>\n\n\n\n<div class=\"wp-block-buttons is-content-justification-center is-layout-flex wp-container-core-buttons-is-layout-16018d1d wp-block-buttons-is-layout-flex\">\n<div class=\"wp-block-button\"><a class=\"wp-block-button__link has-black-background-color has-background wp-element-button\" href=\"https:\/\/www.expandermetall.se\/en\/production\/images-of-expanded-metal\/\"><mark style=\"background-color:rgba(0, 0, 0, 0)\" class=\"has-inline-color has-white-color\">See our selection of expanded metal<\/mark><\/a><\/div>\n<\/div>\n<\/div>\n\n\n\n<div class=\"wp-block-column is-layout-flow wp-block-column-is-layout-flow\">\n<figure class=\"wp-block-image size-large\"><a href=\"https:\/\/www.expandermetall.se\/en\/production\/sa-beraknar-du-strackmetall\/\"><img loading=\"lazy\" decoding=\"async\" width=\"1024\" height=\"660\" src=\"https:\/\/www.expandermetall.se\/app\/uploads\/2020\/02\/exparnder_produktion_2020_110-1024x660.jpg\" alt=\"Ber\u00e4kna str\u00e4ckmetall\" class=\"wp-image-3551\" srcset=\"https:\/\/www.expandermetall.se\/app\/uploads\/2020\/02\/exparnder_produktion_2020_110-1024x660.jpg 1024w, https:\/\/www.expandermetall.se\/app\/uploads\/2020\/02\/exparnder_produktion_2020_110-300x193.jpg 300w, https:\/\/www.expandermetall.se\/app\/uploads\/2020\/02\/exparnder_produktion_2020_110-768x495.jpg 768w, https:\/\/www.expandermetall.se\/app\/uploads\/2020\/02\/exparnder_produktion_2020_110-1536x990.jpg 1536w, https:\/\/www.expandermetall.se\/app\/uploads\/2020\/02\/exparnder_produktion_2020_110-2048x1320.jpg 2048w\" sizes=\"auto, (max-width: 1024px) 100vw, 1024px\" \/><\/a><\/figure>\n\n\n\n<div style=\"height:30px\" aria-hidden=\"true\" class=\"wp-block-spacer\"><\/div>\n\n\n\n<h2 class=\"wp-block-heading has-text-align-left has-medium-font-size\">Calculate open area and weight of expanded metal<\/h2>\n\n\n\n<div style=\"height:20px\" aria-hidden=\"true\" class=\"wp-block-spacer\"><\/div>\n\n\n\n<p class=\"has-text-align-left\">To accurately calculate the open area and weight of expanded metal, it is helpful to know the mesh length (LWM), mesh width (SWM), strand (S), and material thickness (T). Use our smart calculation tool to obtain a result for the open area and weight per m\u00b2.<\/p>\n\n\n\n<div style=\"height:20px\" aria-hidden=\"true\" class=\"wp-block-spacer\"><\/div>\n\n\n\n<div class=\"wp-block-buttons is-content-justification-center is-layout-flex wp-container-core-buttons-is-layout-16018d1d wp-block-buttons-is-layout-flex\">\n<div class=\"wp-block-button\"><a class=\"wp-block-button__link has-black-background-color has-background wp-element-button\" href=\"https:\/\/www.expandermetall.se\/en\/production\/sa-beraknar-du-strackmetall\/\"><mark style=\"background-color:rgba(0, 0, 0, 0)\" class=\"has-inline-color has-white-color\">Calculate and order expanded metal<\/mark><\/a><\/div>\n<\/div>\n<\/div>\n<\/div>\n\n\n\n<div style=\"height:100px\" aria-hidden=\"true\" class=\"wp-block-spacer\"><\/div>\n\n\n\n<h2 class=\"wp-block-heading has-text-align-center\">We keep our promises<\/h2>\n\n\n\n<p class=\"has-text-align-center\">It may sound obvious. But putting the customer first has never been more important than it is today. At Expandermetall, this has always been a priority, and one of our strengths is working with you, the customer, to develop the best solution for your requiremen<em>ts<\/em> \u2013 whether for the construction sector, filter solutions, interior design or electrochemistry.<\/p>\n\n\n\n<p>We have been manufacturing and selling expanded metal since 1972 and have built up unique expertise in this field.<\/p>\n\n\n\n<p class=\"has-text-align-center\">Simply put, <em>we know expanded metal, and you can benefit from that<\/em>.<\/p>\n\n\n\n<div class=\"wp-block-buttons is-content-justification-center is-layout-flex wp-container-core-buttons-is-layout-16018d1d wp-block-buttons-is-layout-flex\">\n<div class=\"wp-block-button\"><a class=\"wp-block-button__link has-white-color has-text-color has-link-color wp-element-button\" href=\"https:\/\/www.expandermetall.se\/en\/about-expandermetall\/\"><mark style=\"background-color:rgba(0, 0, 0, 0)\" class=\"has-inline-color has-white-color\">O<\/mark>ur history<\/a><\/div>\n<\/div>\n\n\n\n<div style=\"height:100px\" aria-hidden=\"true\" class=\"wp-block-spacer\"><\/div>\n\n\n\n<div class=\"wp-block-columns is-layout-flex wp-container-core-columns-is-layout-9d6595d7 wp-block-columns-is-layout-flex\">\n<div class=\"wp-block-column is-layout-flow wp-block-column-is-layout-flow\">\n<figure class=\"wp-block-image size-large\"><img loading=\"lazy\" decoding=\"async\" width=\"1024\" height=\"660\" src=\"https:\/\/www.expandermetall.se\/app\/uploads\/2020\/02\/exparnder_produktion_2020_023-scaled-e1739894052438-1024x660.jpg\" alt=\"Bild fr\u00e5n lagret p\u00e5 expandermetall\" class=\"wp-image-3545\" srcset=\"https:\/\/www.expandermetall.se\/app\/uploads\/2020\/02\/exparnder_produktion_2020_023-scaled-e1739894052438-1024x660.jpg 1024w, https:\/\/www.expandermetall.se\/app\/uploads\/2020\/02\/exparnder_produktion_2020_023-scaled-e1739894052438-300x193.jpg 300w, https:\/\/www.expandermetall.se\/app\/uploads\/2020\/02\/exparnder_produktion_2020_023-scaled-e1739894052438-768x495.jpg 768w, https:\/\/www.expandermetall.se\/app\/uploads\/2020\/02\/exparnder_produktion_2020_023-scaled-e1739894052438-1536x990.jpg 1536w, https:\/\/www.expandermetall.se\/app\/uploads\/2020\/02\/exparnder_produktion_2020_023-scaled-e1739894052438-2048x1320.jpg 2048w\" sizes=\"auto, (max-width: 1024px) 100vw, 1024px\" \/><\/figure>\n\n\n\n<div style=\"height:30px\" aria-hidden=\"true\" class=\"wp-block-spacer\"><\/div>\n\n\n\n<h2 class=\"wp-block-heading has-medium-font-size\">Fast delivery from stock or manufacturing to order<\/h2>\n\n\n\n<div style=\"height:20px\" aria-hidden=\"true\" class=\"wp-block-spacer\"><\/div>\n\n\n\n<p class=\"has-text-align-left\">As we stock our most popular expanded metal products in the most common mesh types and sizes, we can offer you fast delivery of the expanded metal you need for your project.<\/p>\n\n\n\n<p class=\"has-text-align-left\">However, if you are not in a hurry or have special requirements in terms of pattern, material, or dimensions, we can customize the product to suit your needs.<\/p>\n\n\n\n<div style=\"height:20px\" aria-hidden=\"true\" class=\"wp-block-spacer\"><\/div>\n\n\n\n<div class=\"wp-block-buttons is-content-justification-center is-layout-flex wp-container-core-buttons-is-layout-16018d1d wp-block-buttons-is-layout-flex\">\n<div class=\"wp-block-button\"><a class=\"wp-block-button__link has-white-color has-text-color has-link-color wp-element-button\" href=\"https:\/\/www.expandermetall.se\/en\/production\/lagermaterial\/\">Our stocked products<\/a><\/div>\n<\/div>\n<\/div>\n<\/div>\n\n\n\n<div style=\"height:100px\" aria-hidden=\"true\" class=\"wp-block-spacer\"><\/div>\n\n\n\n<div class=\"wp-block-group\"><div class=\"wp-block-group__inner-container is-layout-constrained wp-block-group-is-layout-constrained\">\n<div id=\"mc_embed_shell\">\n      <link href=\"\/\/cdn-images.mailchimp.com\/embedcode\/classic-061523.css\" rel=\"stylesheet\" type=\"text\/css\">\n  <style type=\"text\/css\">\n        #mc_embed_signup{background:#fff; false;clear:left; font:14px Helvetica,Arial,sans-serif; width: 500px;}\n        \/* Add your own Mailchimp form style overrides in your site stylesheet or in this style block.\n           We recommend moving this block and the preceding CSS link to the HEAD of your HTML file. *\/\n<\/style>\n<div id=\"mc_embed_signup\">\n    <form action=https:\/\/expandermetall.us4.list-manage.com\/subscribe\/post?u=672d44375a4d41b1b867e8a08&amp;id=c1dd442280&amp;f_id=002d61eaf0 method=\"post\" id=\"mc-embedded-subscribe-form\" name=\"mc-embedded-subscribe-form\" class=\"validate\" target=\"_blank\">\n        <div id=\"mc_embed_signup_scroll\"><h2>Sign up for our newsletter<\/h2>\n<p>Would you like to stay up to date on the latest news in expanded metal, new applications and our latest products? Would you like to find out more about what goes on behind the scenes? Sign up for our newsletter and get updates, inspiration and expert insights delivered straight to your inbox.<\/p>\n<p>Enter your email address below and become part of our community! You can unsubscribe at any time if you change your mind.<\/p>\n            <div class=\"indicates-required\"><span class=\"asterisk\">*<\/span> obligatorisk information<\/div>\n            <div class=\"mc-field-group\"><label for=\"mce-EMAIL\">Email <span class=\"asterisk\">*<\/span><\/label><input type=\"email\" name=\"EMAIL\" class=\"required email\" id=\"mce-EMAIL\" required=\"\" value=\"\"><\/div><div class=\"mc-field-group\"><label for=\"mce-FNAME\">First name <\/label><input type=\"text\" name=\"FNAME\" class=\" text\" id=\"mce-FNAME\" value=\"\"><\/div><div class=\"mc-field-group\"><label for=\"mce-LNAME\">Last name <\/label><input type=\"text\" name=\"LNAME\" class=\" text\" id=\"mce-LNAME\" value=\"\"><\/div>\n        <div id=\"mce-responses\" class=\"clear foot\">\n            <div class=\"response\" id=\"mce-error-response\" style=\"display: none;\"><\/div>\n            <div class=\"response\" id=\"mce-success-response\" style=\"display: none;\"><\/div>\n        <\/div>\n    <div aria-hidden=\"true\" style=\"position: absolute; left: -5000px;\">\n        \/* real people should not fill this in and expect good things &#8211; do not remove this or risk form bot signups *\/\n        <input type=\"text\" name=\"b_672d44375a4d41b1b867e8a08_c1dd442280\" tabindex=\"-1\" value=\"\">\n    <\/div>\n        <div class=\"optionalParent\">\n            <div class=\"clear foot\">\n                <input type=\"submit\" name=\"subscribe\" id=\"mc-embedded-subscribe\" class=\"button\" value=Subscribe>\n                <p style=\"margin: 0px auto;\"><a href=http:\/\/eepurl.com\/i9UDsc title=\"Mailchimp - email marketing made easy and fun\"><span style=\"display: inline-block; background-color: transparent; border-radius: 4px;\"><img class=\"refferal_badge\" src=https:\/\/digitalasset.intuit.com\/render\/content\/dam\/intuit\/mc-fe\/en_us\/images\/intuit-mc-rewards-text-dark.svg alt=\"Intuit Mailchimp\" style=\"width: 220px; height: 40px; display: flex; padding: 2px 0px; justify-content: center; align-items: center;\"><\/span><\/a><\/p>\n            <\/div>\n        <\/div>\n    <\/div>\n<\/form>\n<\/div>\n<script type=\"text\/javascript\" src=\"\/\/s3.amazonaws.com\/downloads.mailchimp.com\/js\/mc-validate.js\"><\/script><script type=\"text\/javascript\">(function($) {window.fnames = new Array(); window.ftypes = new Array();fnames[0]='EMAIL';ftypes[0]='email';fnames[1]='FNAME';ftypes[1]='text';fnames[2]='LNAME';ftypes[2]='text';}(jQuery));var $mcj = jQuery.noConflict(true);<\/script><\/div>\n\n<style type=\"text\/css\">\n  #mc_embed_signup {\n    background: #fff;\n    clear: left;\n    font: 14px Helvetica, Arial, sans-serif;\n    width: 100%; \/* \u00c4ndra till 100% f\u00f6r att g\u00f6ra den responsiv *\/\n    max-width: 500px; \/* S\u00e4tt en maxbredd f\u00f6r st\u00f6rre sk\u00e4rmar *\/\n    margin: 0 auto; \/* Centrerar formul\u00e4ret *\/\n  }\n\n  \/* Media queries f\u00f6r att justera designen p\u00e5 mindre sk\u00e4rmar *\/\n  @media (max-width: 768px) {\n    #mc_embed_signup {\n      width: 90%; \/* 90% av bredden p\u00e5 mindre sk\u00e4rmar *\/\n    }\n  }\n\n  @media (max-width: 480px) {\n    #mc_embed_signup {\n      width: 100%; \/* Full bredd p\u00e5 v\u00e4ldigt sm\u00e5 sk\u00e4rmar *\/\n    }\n\n    #mc_embed_signup h2 {\n      font-size: 18px; \/* Mindre textstorlek p\u00e5 sm\u00e5 sk\u00e4rmar *\/\n    }\n\n    .mc-field-group label {\n      font-size: 14px; \/* Anpassa textstorlek p\u00e5 formul\u00e4rf\u00e4lt *\/\n    }\n    \n    .mc-field-group input {\n      width: 100%; \/* G\u00f6r f\u00e4lten 100% breda p\u00e5 sm\u00e5 sk\u00e4rmar *\/\n      padding: 10px;\n    }\n\n    .button {\n      padding: 10px; \/* Justera knappen *\/\n    }\n  }\n<\/style>\n<\/div><\/div>\n","protected":false},"excerpt":{"rendered":"<p>Experienced manufacturers of expanded metal since 1972 Welcome to Expandermetall! We have been manufacturing expanded metal for various industries and projects since 1972. As a subcontractor, we can offer a wide range of expanded metal in different patterns, sizes, and materials, tailored to meet your needs. Whether you are looking for sustainable solutions for construction, [&hellip;]<\/p>\n","protected":false},"author":4,"featured_media":0,"parent":0,"menu_order":0,"comment_status":"closed","ping_status":"closed","template":"tmpl_startsida.php","meta":{"_acf_changed":false,"footnotes":""},"class_list":["post-3002","page","type-page","status-publish","hentry"],"acf":[],"_links":{"self":[{"href":"https:\/\/www.expandermetall.se\/en\/wp-json\/wp\/v2\/pages\/3002","targetHints":{"allow":["GET"]}}],"collection":[{"href":"https:\/\/www.expandermetall.se\/en\/wp-json\/wp\/v2\/pages"}],"about":[{"href":"https:\/\/www.expandermetall.se\/en\/wp-json\/wp\/v2\/types\/page"}],"author":[{"embeddable":true,"href":"https:\/\/www.expandermetall.se\/en\/wp-json\/wp\/v2\/users\/4"}],"replies":[{"embeddable":true,"href":"https:\/\/www.expandermetall.se\/en\/wp-json\/wp\/v2\/comments?post=3002"}],"version-history":[{"count":5,"href":"https:\/\/www.expandermetall.se\/en\/wp-json\/wp\/v2\/pages\/3002\/revisions"}],"predecessor-version":[{"id":5134,"href":"https:\/\/www.expandermetall.se\/en\/wp-json\/wp\/v2\/pages\/3002\/revisions\/5134"}],"wp:attachment":[{"href":"https:\/\/www.expandermetall.se\/en\/wp-json\/wp\/v2\/media?parent=3002"}],"curies":[{"name":"wp","href":"https:\/\/api.w.org\/{rel}","templated":true}]}}